{"id":1599,"date":"2026-04-15T11:38:32","date_gmt":"2026-04-15T14:38:32","guid":{"rendered":"https:\/\/care.tribemd.com\/?page_id=1599"},"modified":"2026-04-15T11:46:39","modified_gmt":"2026-04-15T14:46:39","slug":"politica-de-cookies","status":"publish","type":"page","link":"https:\/\/care.tribemd.com\/pt-br\/politica-de-cookies\/","title":{"rendered":"Pol\u00edtica de Cookies"},"content":{"rendered":"\t\t<div data-elementor-type=\"wp-page\" data-elementor-id=\"1599\" class=\"elementor elementor-1599\" data-elementor-post-type=\"page\">\n\t\t\t\t<div class=\"elementor-element elementor-element-6c09964f e-flex e-con-boxed e-con e-parent\" data-id=\"6c09964f\" data-element_type=\"container\" data-e-type=\"container\">\n\t\t\t\t\t<div class=\"e-con-inner\">\n\t\t<div class=\"elementor-element elementor-element-e8ebde2 e-con-full e-flex e-con e-child\" data-id=\"e8ebde2\" data-element_type=\"container\" data-e-type=\"container\" data-settings=\"{&quot;background_background&quot;:&quot;classic&quot;}\">\n\t\t\t\t<div class=\"elementor-element elementor-element-2ba2993 elementor-widget elementor-widget-heading\" data-id=\"2ba2993\" data-element_type=\"widget\" data-e-type=\"widget\" data-widget_type=\"heading.default\">\n\t\t\t\t\t<h2 class=\"elementor-heading-title elementor-size-default\">Pol\u00edtica de Cookies<\/h2>\t\t\t\t<\/div>\n\t\t\t\t<\/div>\n\t\t\t\t<div class=\"elementor-element elementor-element-5c0e3061 elementor-widget elementor-widget-text-editor\" data-id=\"5c0e3061\" data-element_type=\"widget\" data-e-type=\"widget\" data-widget_type=\"text-editor.default\">\n\t\t\t\t\t\t\t\t\t<ol><li><h2>Introdu\u00e7\u00e3o<\/h2><p>A TribeMD, uma healthtech l\u00edder na Am\u00e9rica Latina, utiliza cookies em sua plataforma para melhorar a experi\u00eancia de seus usu\u00e1rios e oferecer servi\u00e7os personalizados e eficientes. Esta Pol\u00edtica de Cookies explica como usamos cookies e como voc\u00ea pode gerenciar suas prefer\u00eancias.<\/p><\/li><li><h2>O que s\u00e3o cookies?<\/h2><p>Cookies s\u00e3o pequenos arquivos de texto armazenados em seu dispositivo (computador, tablet, smartphone) que registram informa\u00e7\u00f5es relacionadas \u00e0 sua navega\u00e7\u00e3o na plataforma. Eles ajudam a melhorar a sua experi\u00eancia, permitindo que a plataforma reconhe\u00e7a seu dispositivo em visitas subsequentes.<\/p><\/li><li><h2>Como usamos cookies?<\/h2><p>Utilizamos cookies pr\u00f3prios e de terceiros para diversas finalidades, incluindo:<\/p><ul><li>Melhorar a performance da plataforma;<\/li><li>Oferecer funcionalidades de m\u00eddia social;<\/li><li>Analisar nosso tr\u00e1fego com ferramentas de analytics;<\/li><li>Personalizar o conte\u00fado e os an\u00fancios que voc\u00ea v\u00ea.<\/li><\/ul><p>Note que plataformas de terceiros (como Google, Facebook e LinkedIn) tamb\u00e9m podem usar cookies para personalizar an\u00fancios. N\u00e3o somos respons\u00e1veis pela coleta de cookies por esses terceiros.<\/p><\/li><li><h2>Gerenciamento de cookies<\/h2><p>Voc\u00ea pode configurar seu navegador para aceitar todos os cookies, rejeitar todos os cookies ou notificar quando um cookie \u00e9 enviado. Ao desativar cookies, algumas funcionalidades da nossa plataforma podem n\u00e3o funcionar corretamente. Para mais informa\u00e7\u00f5es sobre como configurar suas prefer\u00eancias de cookies nos navegadores mais comuns, visite:<\/p><ul><li><a href=\"https:\/\/support.google.com\/chrome\/answer\/95647?hl=pt-BR&amp;hlrm=pt\" target=\"_blank\" rel=\"noreferrer noopener\">Google Chrome<\/a><\/li><li><a href=\"https:\/\/support.mozilla.org\/pt-BR\/kb\/impeca-que-sites-armazenem-cookies-e-dados-no-fire\" target=\"_blank\" rel=\"noreferrer noopener\">Mozilla Firefox<\/a><\/li><li><a href=\"https:\/\/support.microsoft.com\/pt-br\/topic\/excluir-cookies-no-microsoft-edge-a7d95376-f2cd-8e4a-25dc-1de753474879\" target=\"_blank\" rel=\"noreferrer noopener\">Microsoft Edge<\/a><\/li><li><a href=\"https:\/\/support.apple.com\/pt-br\/guide\/deployment\/depf7d5714d4\/web\" target=\"_blank\" rel=\"noreferrer noopener\">Safari<\/a><\/li><\/ul><\/li><li><h2>Cookies que utilizamos<\/h2><p>A seguir, apresentamos uma lista dos tipos de cookies que usamos na nossa plataforma:<\/p><ul><li>Necess\u00e1rios: Essenciais para a navega\u00e7\u00e3o e bom funcionamento da plataforma.<\/li><li>Desempenho: Ajudam a entender como os visitantes interagem com a plataforma, coletando e reportando informa\u00e7\u00f5es anonimamente.<\/li><li>Funcionalidade: Permitem que a plataforma lembre escolhas que voc\u00ea fez e forne\u00e7a funcionalidades melhoradas e mais pessoais.<\/li><li>Publicidade: Usados para entregar an\u00fancios mais relevantes para voc\u00ea e medir a efic\u00e1cia de campanhas publicit\u00e1rias.<\/li><\/ul><\/li><li><h2>Compartilhamento de dados<\/h2><p>N\u00e3o vendemos dados pessoais de nossos usu\u00e1rios. Compartilhamos informa\u00e7\u00f5es com parceiros que nos ajudam a fornecer nossos servi\u00e7os, conforme necess\u00e1rio e em conformidade com nossa Pol\u00edtica de Privacidade.<\/p><\/li><li><h2>Altera\u00e7\u00f5es na Pol\u00edtica de cookies<\/h2><p>Podemos atualizar esta Pol\u00edtica de Cookies periodicamente para refletir, por exemplo, mudan\u00e7as nas cookies que usamos ou por outras raz\u00f5es operacionais, legais ou regulamentares. Por favor, visite esta Pol\u00edtica regularmente para se manter informado sobre nosso uso de cookies.<\/p><\/li><li><h2>Mais informa\u00e7\u00f5es<\/h2><p>Se voc\u00ea tiver alguma d\u00favida sobre o uso de cookies na TribeMD, entre em contato conosco via e-mail:\u00a0<a href=\"mailto:contato@tribemd.com\">contato@tribemd.com<\/a><\/p><\/li><li><h2>Jurisdi\u00e7\u00e3o<\/h2><p>Esta Pol\u00edtica \u00e9 regida pelas leis da Rep\u00fablica Federativa do Brasil. Quaisquer disputas ser\u00e3o resolvidas no foro da comarca de S\u00e3o Paulo, SP.<\/p><\/li><\/ol>\t\t\t\t\t\t\t\t<\/div>\n\t\t\t\t\t<\/div>\n\t\t\t\t<\/div>\n\t\t\t\t<\/div>\n\t\t","protected":false},"excerpt":{"rendered":"<p>Pol\u00edtica de Cookies Introdu\u00e7\u00e3o A TribeMD, uma healthtech l\u00edder na Am\u00e9rica Latina, utiliza cookies em sua plataforma para melhorar a experi\u00eancia de seus usu\u00e1rios e oferecer servi\u00e7os personalizados e eficientes. Esta Pol\u00edtica de Cookies explica como usamos cookies e como voc\u00ea pode gerenciar suas prefer\u00eancias. O que s\u00e3o cookies? Cookies s\u00e3o pequenos arquivos de texto [&hellip;]<\/p>\n","protected":false},"author":2,"featured_media":0,"parent":0,"menu_order":0,"comment_status":"closed","ping_status":"closed","template":"","meta":{"_acf_changed":false,"footnotes":""},"class_list":["post-1599","page","type-page","status-publish","hentry"],"acf":[],"_links":{"self":[{"href":"https:\/\/care.tribemd.com\/pt-br\/wp-json\/wp\/v2\/pages\/1599","targetHints":{"allow":["GET"]}}],"collection":[{"href":"https:\/\/care.tribemd.com\/pt-br\/wp-json\/wp\/v2\/pages"}],"about":[{"href":"https:\/\/care.tribemd.com\/pt-br\/wp-json\/wp\/v2\/types\/page"}],"author":[{"embeddable":true,"href":"https:\/\/care.tribemd.com\/pt-br\/wp-json\/wp\/v2\/users\/2"}],"replies":[{"embeddable":true,"href":"https:\/\/care.tribemd.com\/pt-br\/wp-json\/wp\/v2\/comments?post=1599"}],"version-history":[{"count":4,"href":"https:\/\/care.tribemd.com\/pt-br\/wp-json\/wp\/v2\/pages\/1599\/revisions"}],"predecessor-version":[{"id":1609,"href":"https:\/\/care.tribemd.com\/pt-br\/wp-json\/wp\/v2\/pages\/1599\/revisions\/1609"}],"wp:attachment":[{"href":"https:\/\/care.tribemd.com\/pt-br\/wp-json\/wp\/v2\/media?parent=1599"}],"curies":[{"name":"wp","href":"https:\/\/api.w.org\/{rel}","templated":true}]}}