{"id":1597,"date":"2026-04-15T11:37:57","date_gmt":"2026-04-15T14:37:57","guid":{"rendered":"https:\/\/care.tribemd.com\/?page_id=1597"},"modified":"2026-04-15T11:47:30","modified_gmt":"2026-04-15T14:47:30","slug":"politica-de-privacidade","status":"publish","type":"page","link":"https:\/\/care.tribemd.com\/pt-br\/politica-de-privacidade\/","title":{"rendered":"Pol\u00edtica de Privacidade"},"content":{"rendered":"\t\t<div data-elementor-type=\"wp-page\" data-elementor-id=\"1597\" class=\"elementor elementor-1597\" data-elementor-post-type=\"page\">\n\t\t\t\t<div class=\"elementor-element elementor-element-17e25082 e-flex e-con-boxed e-con e-parent\" data-id=\"17e25082\" data-element_type=\"container\" data-e-type=\"container\">\n\t\t\t\t\t<div class=\"e-con-inner\">\n\t\t<div class=\"elementor-element elementor-element-8b249f5 e-con-full e-flex e-con e-child\" data-id=\"8b249f5\" data-element_type=\"container\" data-e-type=\"container\" data-settings=\"{&quot;background_background&quot;:&quot;classic&quot;}\">\n\t\t\t\t<div class=\"elementor-element elementor-element-94becee elementor-widget elementor-widget-heading\" data-id=\"94becee\" data-element_type=\"widget\" data-e-type=\"widget\" data-widget_type=\"heading.default\">\n\t\t\t\t\t<h2 class=\"elementor-heading-title elementor-size-default\">Pol\u00edtica de Privacidade<\/h2>\t\t\t\t<\/div>\n\t\t\t\t<\/div>\n\t\t\t\t<div class=\"elementor-element elementor-element-110f5448 elementor-widget elementor-widget-text-editor\" data-id=\"110f5448\" data-element_type=\"widget\" data-e-type=\"widget\" data-widget_type=\"text-editor.default\">\n\t\t\t\t\t\t\t\t\tColetamos e utilizamos alguns dados pessoais dos usu\u00e1rios do nosso site. Ao faz\u00ea-lo, agimos na qualidade de\u00a0<strong>controlador<\/strong>\u00a0desses dados e estamos sujeitos \u00e0s disposi\u00e7\u00f5es da Lei Federal n. 13.709\/2018 (Lei Geral de Prote\u00e7\u00e3o de Dados Pessoais \u2013 LGPD).\r\n\r\nCuidamos da prote\u00e7\u00e3o de seus dados pessoais e, por isso, disponibilizamos esta pol\u00edtica de privacidade, que cont\u00e9m informa\u00e7\u00f5es importantes sobre:\r\n<ul>\r\n \t<li>Quem deve utilizar nosso site;<\/li>\r\n \t<li>Quais dados coletamos e o que fazemos com eles;<\/li>\r\n \t<li>Seus direitos em rela\u00e7\u00e3o aos seus dados pessoais; e<\/li>\r\n \t<li>Como entrar em contato conosco.<\/li>\r\n<\/ul>\r\n<ol>\r\n \t<li><strong>Quem deve utilizar nosso site<\/strong><\/li>\r\n<\/ol>\r\nO conte\u00fado deste site \u00e9 direcionado a profissionais da \u00e1rea da sa\u00fade e s\u00f3 deve ser utilizado por pessoas com mais de dezoito anos de idade.\r\n<ol start=\"2\">\r\n \t<li><strong>Dados que coletamos e motivos da coleta<\/strong><\/li>\r\n<\/ol>\r\nNosso site coleta e utiliza alguns dados pessoais de nossos usu\u00e1rios, conforme abaixo:\r\n\r\n<strong>Dados pessoais fornecidos expressamente pelo usu\u00e1rio<\/strong>: coletamos os seguintes dados pessoais que nossos usu\u00e1rios nos fornecem expressamente ao utilizar nosso site:\r\n<ul>\r\n \t<li>Nome<\/li>\r\n \t<li>Email<\/li>\r\n \t<li>CRM<\/li>\r\n \t<li>Ocupa\u00e7\u00e3o<\/li>\r\n \t<li>Especialidade m\u00e9dica<\/li>\r\n \t<li>Estado de resid\u00eancia<\/li>\r\n<\/ul>\r\nA coleta destes dados ocorre nos seguintes momentos:\r\n<ul>\r\n \t<li>quando um usu\u00e1rio se cadastra em nosso site<\/li>\r\n \t<li>quando um usu\u00e1rio se cadastra em um evento digital ou presencial organizado pela MD Health<\/li>\r\n \t<li>quando um usu\u00e1rio opta por receber nossa newsletter<\/li>\r\n<\/ul>\r\nOs dados fornecidos pelos usu\u00e1rios s\u00e3o coletados com as seguintes finalidades:\r\n<ul>\r\n \t<li>para que possam participar de nossos eventos<\/li>\r\n \t<li>para direcionamento de conte\u00fado e convites de eventos alinhados ao cadastro do usu\u00e1rio. Por exemplo, envio de convite para um evento relacionado \u00e0 especialidade m\u00e9dica cadastrada.<\/li>\r\n<\/ul>\r\n<strong>\u00a0Dados sens\u00edveis<\/strong>: n\u00e3o faremos a coleta de dados sens\u00edveis de nossos usu\u00e1rios. Desta forma,\u00a0<strong>n\u00e3o haver\u00e1 coleta de dados<\/strong>\u00a0sobre origem racial ou \u00e9tnica, convic\u00e7\u00e3o religiosa, opini\u00e3o pol\u00edtica, filia\u00e7\u00e3o a sindicato ou a organiza\u00e7\u00e3o de car\u00e1ter religioso, filos\u00f3fico ou pol\u00edtico, dado referente \u00e0 sa\u00fade ou \u00e0 vida sexual, dado gen\u00e9tico ou biom\u00e9trico, quando vinculado a uma pessoa natural.\r\n\r\n<strong>Cookies<\/strong>:\r\n<ul>\r\n \t<li><strong>Cookies de terceiros<\/strong>: alguns de nossos parceiros podem configurar\u00a0<strong>cookies<\/strong>\u00a0nos dispositivos dos usu\u00e1rios que acessam nosso site. O objetivo disso \u00e9 possibilitar que nossos parceiros possam oferecer seu conte\u00fado e seus servi\u00e7os ao usu\u00e1rio que acessa nosso site de forma personalizada, por meio da obten\u00e7\u00e3o de dados de navega\u00e7\u00e3o extra\u00eddos a partir de sua intera\u00e7\u00e3o com o site. O usu\u00e1rio poder\u00e1 obter mais informa\u00e7\u00f5es sobre os cookies de terceiros acessando os seguintes links:<\/li>\r\n \t<li>Google Analytics \u2013\u00a0<a href=\"https:\/\/developers.google.com\/analytics\/devguides\/collection\/analyticsjs\/cookie-usage?hl=pt-br\" target=\"_blank\" rel=\"noreferrer noopener\">https:\/\/developers.google.com\/analytics\/devguides\/collection\/analyticsjs\/cookie-usage?hl=pt-br<\/a><\/li>\r\n \t<li>Facebook \u2013\u00a0<a href=\"https:\/\/www.facebook.com\/policies\/cookies\/\" target=\"_blank\" rel=\"noreferrer noopener\">https:\/\/www.facebook.com\/policies\/cookies\/<\/a><\/li>\r\n \t<li>LinkedIn \u2013\u00a0<a href=\"https:\/\/www.linkedin.com\/legal\/cookie-policy?_l=pt_PT\" target=\"_blank\" rel=\"noreferrer noopener\">https:\/\/www.linkedin.com\/legal\/cookie-policy?_l=pt_PT<\/a><\/li>\r\n<\/ul>\r\nAs entidades encarregadas da coleta dos cookies poder\u00e3o ceder as informa\u00e7\u00f5es obtidas a terceiros.\r\n<ul>\r\n \t<li><strong>Gest\u00e3o de cookies<\/strong>: o usu\u00e1rio poder\u00e1 recusar o registro de cookies em nosso site desabilitando esta op\u00e7\u00e3o em seu navegador. Mais informa\u00e7\u00f5es sobre como fazer isso em alguns dos principais navegadores utilizados hoje podem ser acessadas a partir dos links abaixo:<\/li>\r\n \t<li><strong>Internet Explorer<\/strong>:\u00a0<a href=\"https:\/\/support.microsoft.com\/pt-br\/help\/17442\/windows-internet-explorer-delete-manage-cookies\" target=\"_blank\" rel=\"noreferrer noopener\">https:\/\/support.microsoft.com\/pt-br\/help\/17442\/windows-internet-explorer-delete-manage-cookies<\/a><\/li>\r\n \t<li><strong>Safari<\/strong>:\u00a0<a href=\"https:\/\/support.apple.com\/pt-br\/guide\/safari\/sfri11471\/mac\" target=\"_blank\" rel=\"noreferrer noopener\">https:\/\/support.apple.com\/pt-br\/guide\/safari\/sfri11471\/mac<\/a><\/li>\r\n \t<li><strong>Google Chrome<\/strong>:\u00a0<a href=\"https:\/\/support.google.com\/chrome\/answer\/95647?hl=pt-BR&amp;hlrm=pt\" target=\"_blank\" rel=\"noreferrer noopener\">https:\/\/support.google.com\/chrome\/answer\/95647?hl=pt-BR&amp;amp;hlrm=pt<\/a><\/li>\r\n \t<li><strong>Mozila<\/strong>\u00a0<strong>Firefox<\/strong>:\u00a0<a href=\"https:\/\/support.mozilla.org\/pt-BR\/kb\/ative-e-desative-os-cookies-que-os-sites-usam\" target=\"_blank\" rel=\"noreferrer noopener\">https:\/\/support.mozilla.org\/pt-BR\/kb\/ative-e-desative-os-cookies-que-os-sites-usam<\/a><\/li>\r\n \t<li><strong>Opera<\/strong>:\u00a0<a href=\"https:\/\/www.opera.com\/help\/tutorials\/security\/privacy\/\" target=\"_blank\" rel=\"noreferrer noopener\">https:\/\/www.opera.com\/help\/tutorials\/security\/privacy\/<\/a><\/li>\r\n<\/ul>\r\nAo desativar os cookies, o usu\u00e1rio poder\u00e1 afetar a disponibilidade de algumas ferramentas e funcionalidades do site, comprometendo seu funcionamento. Isso tamb\u00e9m poder\u00e1 remover as prefer\u00eancias do usu\u00e1rio que eventualmente tenham sido salvas, prejudicando sua experi\u00eancia.\r\n\r\n<strong>Coleta de dados n\u00e3o previstos expressamente<\/strong>: outros tipos de dados n\u00e3o previstos expressamente nesta Pol\u00edtica de Privacidade poder\u00e3o ser coletados, desde que sejam fornecidos com o consentimento expresso do usu\u00e1rio, ou que a coleta seja permitida com fundamento em outra base prevista em lei. De qualquer maneira, a coleta de dados e suas atividades de tratamento ser\u00e3o informadas aos usu\u00e1rios do site.\r\n\r\n<strong>Compartilhamento de dados pessoais com terceiros\u00a0<\/strong>\u2013 compartilhamos alguns dos dados pessoais mencionados nesta pol\u00edtica com terceiros. Os dados compartilhados s\u00e3o:\r\n<ul>\r\n \t<li>Nome<\/li>\r\n \t<li>Email<\/li>\r\n \t<li>CRM<\/li>\r\n \t<li>Ocupa\u00e7\u00e3o<\/li>\r\n \t<li>Especialidade m\u00e9dica<\/li>\r\n \t<li>Estado de resid\u00eancia<\/li>\r\n<\/ul>\r\nEstes dados s\u00e3o compartilhados pelas seguintes raz\u00f5es e para as seguintes finalidades:\r\n<ul>\r\n \t<li>Com apoiadores: medir progresso de participantes em programas educacionais<\/li>\r\n \t<li>Com prestadores de servi\u00e7os, contratados e representantes: Compartilhamos os dados do usu\u00e1rio com empresas terceirizadas que prestam servi\u00e7os para nossa empresa, como processamento de pagamentos, preven\u00e7\u00e3o de fraude, an\u00e1lise de dados, servi\u00e7os de marketing e publicidade, servi\u00e7os de e-mail, hospedagem e atendimento\/suporte ao cliente. Estes provedores de servi\u00e7os podem acessar os dados pessoais do usu\u00e1rio e s\u00e3o obrigados a us\u00e1-los somente conforme orientados pela MD Health, para fornecer o servi\u00e7o solicitado.<\/li>\r\n<\/ul>\r\nAl\u00e9m das situa\u00e7\u00f5es acima, podemos compartilhar dados com terceiros para as finalidades descritas nesta pol\u00edtica, bem como para cumprir determina\u00e7\u00e3o legal ou regulat\u00f3ria, ou, para cumprir alguma ordem expedida por autoridade p\u00fablica. Em qualquer caso, o compartilhamento de dados pessoais observar\u00e1 todas as leis e regras aplic\u00e1veis, buscando sempre garantir a seguran\u00e7a dos dados de nossos usu\u00e1rios, observados os padr\u00f5es t\u00e9cnicos empregados no mercado.\r\n\r\n<strong>Tempo de armazenamento dos dados pessoais.\u00a0<\/strong>Os dados pessoais s\u00e3o armazenados e utilizados pelo per\u00edodo de tempo necess\u00e1rio para atingir as finalidades elencadas nesta pol\u00edtica e que considere os direitos de seus titulares, os direitos do controlador do site e as disposi\u00e7\u00f5es legais ou regulat\u00f3rias aplic\u00e1veis. Uma vez expirados os per\u00edodos de armazenamento dos dados pessoais, eles s\u00e3o removidos de nossas bases de dados ou anonimizados, salvo nos casos em que houver a possibilidade ou a necessidade de armazenamento em virtude de disposi\u00e7\u00e3o legal ou regulat\u00f3ria.\r\n\r\n<strong>Bases legais para o tratamento de dados pessoais:\u00a0<\/strong>n\u00f3s tratamos os dados pessoais de nossos usu\u00e1rios nas seguintes hip\u00f3teses:\r\n<ul>\r\n \t<li>mediante o\u00a0<strong>consentimento<\/strong>\u00a0do titular dos dados pessoais<\/li>\r\n \t<li>para o\u00a0<strong>cumprimento de obriga\u00e7\u00e3o legal ou regulat\u00f3ria<\/strong>\u00a0pelo controlador<\/li>\r\n \t<li>quando necess\u00e1rio para atender\u00a0<strong>aos interesses leg\u00edtimos do controlador ou de terceiro<\/strong><\/li>\r\n<\/ul>\r\na. Consentimento\r\n\r\nDeterminadas opera\u00e7\u00f5es de tratamento de dados pessoais realizadas em nosso site depender\u00e3o da pr\u00e9via concord\u00e2ncia do usu\u00e1rio, que dever\u00e1 manifest\u00e1-la de forma livre, informada e inequ\u00edvoca.\r\n\r\nO usu\u00e1rio poder\u00e1 revogar seu consentimento a qualquer momento, sendo que, n\u00e3o havendo hip\u00f3tese legal que permita ou que demande o armazenamento dos dados, os dados fornecidos mediante consentimento ser\u00e3o exclu\u00eddos.\r\n\r\nAl\u00e9m disso, se desejar, o usu\u00e1rio poder\u00e1 n\u00e3o concordar com alguma opera\u00e7\u00e3o de tratamento de dados pessoais baseada no consentimento. Nestes casos, por\u00e9m, \u00e9 poss\u00edvel que n\u00e3o possa utilizar alguma funcionalidade do site que dependa daquela opera\u00e7\u00e3o. As consequ\u00eancias da falta de consentimento para uma atividade espec\u00edfica s\u00e3o informadas previamente ao tratamento.\r\n\r\nb. Cumprimento de obriga\u00e7\u00e3o legal ou regulat\u00f3ria pelo controlador\r\n\r\nAlgumas opera\u00e7\u00f5es de tratamento de dados pessoais, sobretudo o armazenamento de dados, ser\u00e3o realizadas para que possamos cumprir obriga\u00e7\u00f5es previstas em lei ou em outras disposi\u00e7\u00f5es normativas aplic\u00e1veis \u00e0s nossas atividades.\r\n\r\nc. Leg\u00edtimo interesse\r\n\r\nPara determinadas opera\u00e7\u00f5es de tratamento de dados pessoais, nos baseamos exclusivamente em nosso interesse leg\u00edtimo. Para saber mais sobre em quais casos, especificamente, nos valemos desta base legal, ou para obter mais informa\u00e7\u00f5es sobre os testes que fazemos para termos certeza de que podemos utiliz\u00e1-la, entre em contato com nosso Encarregado de Prote\u00e7\u00e3o de Dados Pessoais por algum dos canais informados nesta Pol\u00edtica de Privacidade, na se\u00e7\u00e3o \u201cComo entrar em contato conosco\u201d.\r\n<ol start=\"3\">\r\n \t<li><strong>Direitos do usu\u00e1rio<\/strong><\/li>\r\n<\/ol>\r\nO usu\u00e1rio do site possui os seguintes direitos, conferidos pela Lei de Prote\u00e7\u00e3o de Dados Pessoais:\r\n<ul>\r\n \t<li>confirma\u00e7\u00e3o da exist\u00eancia de tratamento;<\/li>\r\n \t<li>acesso aos dados;<\/li>\r\n \t<li>corre\u00e7\u00e3o de dados incompletos, inexatos ou desatualizados;<\/li>\r\n \t<li>anonimiza\u00e7\u00e3o, bloqueio ou elimina\u00e7\u00e3o de dados desnecess\u00e1rios, excessivos ou tratados em desconformidade com o disposto na lei;<\/li>\r\n \t<li>portabilidade dos dados a outro fornecedor de servi\u00e7o ou produto, mediante requisi\u00e7\u00e3o expressa, de acordo com a regulamenta\u00e7\u00e3o da autoridade nacional, observados os segredos comercial e industrial;<\/li>\r\n \t<li>elimina\u00e7\u00e3o dos dados pessoais tratados com o consentimento do titular, exceto nos casos previstos em lei;<\/li>\r\n \t<li>informa\u00e7\u00e3o das entidades p\u00fablicas e privadas com as quais o controlador realizou uso compartilhado de dados;<\/li>\r\n \t<li>informa\u00e7\u00e3o sobre a possibilidade de n\u00e3o fornecer consentimento e sobre as consequ\u00eancias da negativa;<\/li>\r\n \t<li>revoga\u00e7\u00e3o do consentimento, nos casos em que o tratamento de seus dados pessoais \u00e9 realizado com base no consentimento. Nessa hip\u00f3tese os dados pessoais poder\u00e3o ainda ser tratados com base em outras hip\u00f3teses legais.<\/li>\r\n<\/ul>\r\n\u00c9 importante destacar que, nos termos da lei, n\u00e3o existe um direito de elimina\u00e7\u00e3o de dados tratados com fundamento em bases legais distintas do consentimento, a menos que os dados sejam desnecess\u00e1rios, excessivos ou tratados em desconformidade com o previsto na lei.\r\n\r\nLembrando que o exerc\u00edcio de qualquer desses direitos n\u00e3o implicar\u00e1 na ilegalidade de qualquer tratamento de dados realizado anteriormente a esta op\u00e7\u00e3o.\r\n\r\n<strong>Como o titular pode exercer seus direitos<\/strong>\r\n\r\nPara garantir que o usu\u00e1rio que pretende exercer seus direitos \u00e9, de fato, o titular dos dados pessoais objeto da requisi\u00e7\u00e3o, poderemos solicitar documentos ou outras informa\u00e7\u00f5es que possam auxiliar em sua correta identifica\u00e7\u00e3o, a fim de resguardar nossos direitos e os direitos de terceiros. Isto somente ser\u00e1 feito, por\u00e9m, se for absolutamente necess\u00e1rio, e o requerente receber\u00e1 todas as informa\u00e7\u00f5es relacionadas.\r\n\r\n<strong>Medidas de seguran\u00e7a no tratamento de dados pessoais<\/strong>\r\n\r\nEmpregamos medidas t\u00e9cnicas e organizativas aptas a proteger os dados pessoais de acessos n\u00e3o autorizados e de situa\u00e7\u00f5es de destrui\u00e7\u00e3o, perda, extravio ou altera\u00e7\u00e3o desses dados.\r\n\r\nAs medidas que utilizamos levam em considera\u00e7\u00e3o a natureza dos dados, o contexto e a finalidade do tratamento, os riscos que uma eventual viola\u00e7\u00e3o geraria para os direitos e liberdades do usu\u00e1rio, e os padr\u00f5es atualmente empregados no mercado por empresas semelhantes \u00e0 nossa.\r\n\r\nEntre as medidas de seguran\u00e7a adotadas por n\u00f3s, destacamos as seguintes:\r\n<ul>\r\n \t<li>os dados de nossos usu\u00e1rios s\u00e3o armazenados em ambiente seguro;<\/li>\r\n \t<li>limitamos o acesso aos dados de nossos usu\u00e1rios, de modo que terceiros n\u00e3o autorizados n\u00e3o possam acess\u00e1-los;<\/li>\r\n \t<li>utilizamos certificado SSL (Secure Socket Layer), de modo que a transmiss\u00e3o de dados entre os dispositivos dos usu\u00e1rios e nossos servidores aconte\u00e7a de forma criptografada;<\/li>\r\n \t<li>mantemos registros de todos aqueles que t\u00eam, de alguma forma, contato com nossos dados;<\/li>\r\n \t<li>pol\u00edtica interna de privacidade de dados<\/li>\r\n<\/ul>\r\nAinda que adote tudo o que est\u00e1 ao seu alcance para evitar incidentes de seguran\u00e7a, \u00e9 poss\u00edvel que ocorra algum problema motivado exclusivamente por um terceiro \u2013 como em caso de ataques de hackers ou, ainda, em caso de culpa exclusiva do usu\u00e1rio, que ocorre, por exemplo, quando ele mesmo transfere seus dados a terceiro. Assim, embora sejamos, em geral, respons\u00e1veis pelos dados pessoais que tratamos, nos eximimos de responsabilidade caso ocorra uma situa\u00e7\u00e3o excepcional como essas, sobre as quais n\u00e3o temos nenhum tipo de controle.\r\n\r\nDe qualquer forma, caso ocorra qualquer tipo de incidente de seguran\u00e7a que possa gerar risco ou dano relevante para qualquer de nossos usu\u00e1rios, comunicaremos os afetados e a Autoridade Nacional de Prote\u00e7\u00e3o de Dados acerca do ocorrido, em conformidade com o disposto na Lei Geral de Prote\u00e7\u00e3o de Dados.\r\n\r\n<strong>Reclama\u00e7\u00e3o a uma autoridade de controle<\/strong>\r\n\r\nSem preju\u00edzo de qualquer outra via de recurso administrativo ou judicial, os titulares de dados pessoais que se sentirem, de qualquer forma, lesados, podem apresentar reclama\u00e7\u00e3o \u00e0 Autoridade Nacional de Prote\u00e7\u00e3o de Dados.\r\n\r\n<strong>Altera\u00e7\u00f5es nesta pol\u00edtica<\/strong>\r\n\r\nA presente vers\u00e3o desta Pol\u00edtica de Privacidade foi atualizada pela \u00faltima vez em: 27\/10\/2020.\r\n\r\nNos reservamos o direito de modificar, a qualquer momento, as presentes normas, especialmente para adapt\u00e1-las \u00e0s eventuais altera\u00e7\u00f5es feitas em nosso site, seja pela disponibiliza\u00e7\u00e3o de novas funcionalidades ou pela modifica\u00e7\u00e3o daquelas j\u00e1 existentes.\r\n\r\nSempre que houver uma modifica\u00e7\u00e3o, nossos usu\u00e1rios ser\u00e3o notificados acerca da mudan\u00e7a.\r\n<ol start=\"4\">\r\n \t<li><strong>Como entrar em contato conosco<\/strong><\/li>\r\n<\/ol>\r\nPara esclarecer quaisquer d\u00favidas sobre esta Pol\u00edtica de Privacidade ou sobre os dados pessoais que tratamos, entre\u00a0em\u00a0contato\u00a0com\u00a0o\u00a0Encarregado\u00a0pelo\u00a0Departamento\u00a0de\u00a0Prote\u00e7\u00e3o\u00a0de\u00a0Dados\u00a0Pessoais, por algum dos canais mencionados abaixo:\r\n<ul>\r\n \t<li>E-mail:\u00a0<a href=\"mailto:tecnologia@tribemd.com\">tecnologia@tribemd.com<\/a><\/li>\r\n<\/ul>\t\t\t\t\t\t\t\t<\/div>\n\t\t\t\t\t<\/div>\n\t\t\t\t<\/div>\n\t\t\t\t<\/div>\n\t\t","protected":false},"excerpt":{"rendered":"<p>Pol\u00edtica de Privacidade Coletamos e utilizamos alguns dados pessoais dos usu\u00e1rios do nosso site. Ao faz\u00ea-lo, agimos na qualidade de\u00a0controlador\u00a0desses dados e estamos sujeitos \u00e0s disposi\u00e7\u00f5es da Lei Federal n. 13.709\/2018 (Lei Geral de Prote\u00e7\u00e3o de Dados Pessoais \u2013 LGPD). Cuidamos da prote\u00e7\u00e3o de seus dados pessoais e, por isso, disponibilizamos esta pol\u00edtica de privacidade, [&hellip;]<\/p>\n","protected":false},"author":2,"featured_media":0,"parent":0,"menu_order":0,"comment_status":"closed","ping_status":"closed","template":"","meta":{"_acf_changed":false,"footnotes":""},"class_list":["post-1597","page","type-page","status-publish","hentry"],"acf":[],"_links":{"self":[{"href":"https:\/\/care.tribemd.com\/pt-br\/wp-json\/wp\/v2\/pages\/1597","targetHints":{"allow":["GET"]}}],"collection":[{"href":"https:\/\/care.tribemd.com\/pt-br\/wp-json\/wp\/v2\/pages"}],"about":[{"href":"https:\/\/care.tribemd.com\/pt-br\/wp-json\/wp\/v2\/types\/page"}],"author":[{"embeddable":true,"href":"https:\/\/care.tribemd.com\/pt-br\/wp-json\/wp\/v2\/users\/2"}],"replies":[{"embeddable":true,"href":"https:\/\/care.tribemd.com\/pt-br\/wp-json\/wp\/v2\/comments?post=1597"}],"version-history":[{"count":4,"href":"https:\/\/care.tribemd.com\/pt-br\/wp-json\/wp\/v2\/pages\/1597\/revisions"}],"predecessor-version":[{"id":1612,"href":"https:\/\/care.tribemd.com\/pt-br\/wp-json\/wp\/v2\/pages\/1597\/revisions\/1612"}],"wp:attachment":[{"href":"https:\/\/care.tribemd.com\/pt-br\/wp-json\/wp\/v2\/media?parent=1597"}],"curies":[{"name":"wp","href":"https:\/\/api.w.org\/{rel}","templated":true}]}}