{"id":1605,"date":"2026-04-15T11:37:57","date_gmt":"2026-04-15T14:37:57","guid":{"rendered":"https:\/\/care.tribemd.com\/politica-de-privacidad\/"},"modified":"2026-04-15T11:49:23","modified_gmt":"2026-04-15T14:49:23","slug":"politica-de-privacidad","status":"publish","type":"page","link":"https:\/\/care.tribemd.com\/es\/politica-de-privacidad\/","title":{"rendered":"Pol\u00edtica de privacidad"},"content":{"rendered":"\t\t<div data-elementor-type=\"wp-page\" data-elementor-id=\"1605\" class=\"elementor elementor-1605 elementor-1597\" data-elementor-post-type=\"page\">\n\t\t\t\t<div class=\"elementor-element elementor-element-17e25082 e-flex e-con-boxed e-con e-parent\" data-id=\"17e25082\" data-element_type=\"container\" data-e-type=\"container\">\n\t\t\t\t\t<div class=\"e-con-inner\">\n\t\t<div class=\"elementor-element elementor-element-8b249f5 e-con-full e-flex e-con e-child\" data-id=\"8b249f5\" data-element_type=\"container\" data-e-type=\"container\" data-settings=\"{&quot;background_background&quot;:&quot;classic&quot;}\">\n\t\t\t\t<div class=\"elementor-element elementor-element-94becee elementor-widget elementor-widget-heading\" data-id=\"94becee\" data-element_type=\"widget\" data-e-type=\"widget\" data-widget_type=\"heading.default\">\n\t\t\t\t\t<h2 class=\"elementor-heading-title elementor-size-default\">Pol\u00edtica de privacidad<\/h2>\t\t\t\t<\/div>\n\t\t\t\t<\/div>\n\t\t\t\t<div class=\"elementor-element elementor-element-110f5448 elementor-widget elementor-widget-text-editor\" data-id=\"110f5448\" data-element_type=\"widget\" data-e-type=\"widget\" data-widget_type=\"text-editor.default\">\n\t\t\t\t\t\t\t\t\tRecopilamos y utilizamos algunos datos personales de los usuarios de nuestro sitio web. Al hacerlo, actuamos en calidad de <strong>responsable del tratamiento<\/strong> de dichos datos y estamos sujetos a las disposiciones de la Ley Federal n.\u00ba 13.709\/2018 (Ley General de Protecci\u00f3n de Datos Personales \u2013 LGPD).  \r\n\r\nVelamos por la protecci\u00f3n de sus datos personales y, por ello, ponemos a su disposici\u00f3n esta pol\u00edtica de privacidad, que contiene informaci\u00f3n importante sobre:\r\n<ul>\r\n \t<li>Qui\u00e9n debe utilizar nuestro sitio web;<\/li>\r\n \t<li>Qu\u00e9 datos recopilamos y qu\u00e9 hacemos con ellos;<\/li>\r\n \t<li>Sus derechos en relaci\u00f3n con sus datos personales; y<\/li>\r\n \t<li>C\u00f3mo ponerse en contacto con nosotros.<\/li>\r\n<\/ul>\r\n<ol>\r\n \t<li><strong>Qui\u00e9n debe utilizar nuestro sitio web<\/strong><\/li>\r\n<\/ol>\r\nEl contenido de este sitio web est\u00e1 dirigido a profesionales del sector de la salud y solo debe ser utilizado por personas mayores de dieciocho a\u00f1os.\r\n<ol start=\"2\">\r\n \t<li><strong>Datos que recopilamos y motivos de la recopilaci\u00f3n<\/strong><\/li>\r\n<\/ol>\r\nNuestro sitio web recopila y utiliza algunos datos personales de nuestros usuarios, seg\u00fan se detalla a continuaci\u00f3n:\r\n\r\n<strong>Datos personales facilitados expresamente por el usuario<\/strong>: recopilamos los siguientes datos personales que nuestros usuarios nos facilitan expresamente al utilizar nuestro sitio web:\r\n<ul>\r\n \t<li>Nombre<\/li>\r\n \t<li>Correo electr\u00f3nico<\/li>\r\n \t<li>N\u00famero de colegiado (CRM)<\/li>\r\n \t<li>Ocupaci\u00f3n<\/li>\r\n \t<li>Especialidad m\u00e9dica<\/li>\r\n \t<li>Estado de residencia<\/li>\r\n<\/ul>\r\nLa recopilaci\u00f3n de estos datos ocurre en los siguientes momentos:\r\n<ul>\r\n \t<li>cuando un usuario se registra en nuestro sitio web<\/li>\r\n \t<li>cuando un usuario se registra en un evento digital o presencial organizado por MD Health<\/li>\r\n \t<li>cuando un usuario opta por recibir nuestro bolet\u00edn de noticias<\/li>\r\n<\/ul>\r\nLos datos facilitados por los usuarios se recopilan con las siguientes finalidades:\r\n<ul>\r\n \t<li>para que puedan participar en nuestros eventos<\/li>\r\n \t<li>para la segmentaci\u00f3n de contenidos e invitaciones a eventos alineados con el registro del usuario. Por ejemplo, el env\u00edo de una invitaci\u00f3n para un evento relacionado con la especialidad m\u00e9dica registrada. <\/li>\r\n<\/ul>\r\n <strong>Datos sensibles<\/strong>: no realizaremos la recopilaci\u00f3n de datos sensibles de nuestros usuarios. De esta forma, <strong>no habr\u00e1 recopilaci\u00f3n de datos<\/strong> sobre origen racial o \u00e9tnico, convicci\u00f3n religiosa, opini\u00f3n pol\u00edtica, afiliaci\u00f3n a sindicatos o a organizaciones de car\u00e1cter religioso, filos\u00f3fico o pol\u00edtico, datos referentes a la salud o a la vida sexual, datos gen\u00e9ticos o biom\u00e9tricos, cuando est\u00e9n vinculados a una persona f\u00edsica. \r\n\r\n<strong>Cookies<\/strong>:\r\n<ul>\r\n \t<li><strong>Cookies de terceros<\/strong>: algunos de nuestros socios pueden configurar <strong>cookies<\/strong> en los dispositivos de los usuarios que acceden a nuestro sitio web. El objetivo es permitir que nuestros socios puedan ofrecer su contenido y sus servicios al usuario que accede a nuestro sitio web de forma personalizada, mediante la obtenci\u00f3n de datos de navegaci\u00f3n extra\u00eddos a partir de su interacci\u00f3n con el sitio. El usuario podr\u00e1 obtener m\u00e1s informaci\u00f3n sobre las cookies de terceros accediendo a los siguientes enlaces:  <\/li>\r\n \t<li>Google Analytics \u2013 <a href=\"https:\/\/developers.google.com\/analytics\/devguides\/collection\/analyticsjs\/cookie-usage?hl=pt-br\" target=\"_blank\" rel=\"noreferrer noopener\">https:\/\/developers.google.com\/analytics\/devguides\/collection\/analyticsjs\/cookie-usage?hl=es<\/a><\/li>\r\n \t<li>Facebook \u2013 <a href=\"https:\/\/www.facebook.com\/policies\/cookies\/\" target=\"_blank\" rel=\"noreferrer noopener\">https:\/\/www.facebook.com\/policies\/cookies\/<\/a><\/li>\r\n \t<li>LinkedIn \u2013 <a href=\"https:\/\/www.linkedin.com\/legal\/cookie-policy?_l=pt_PT\" target=\"_blank\" rel=\"noreferrer noopener\">https:\/\/www.linkedin.com\/legal\/cookie-policy?_l=es_ES<\/a><\/li>\r\n<\/ul>\r\nLas entidades encargadas de la recopilaci\u00f3n de las cookies podr\u00e1n ceder la informaci\u00f3n obtenida a terceros.\r\n<ul>\r\n \t<li><strong>Gesti\u00f3n de cookies<\/strong>: el usuario podr\u00e1 rechazar el registro de cookies en nuestro sitio web desactivando esta opci\u00f3n en su navegador. Puede acceder a m\u00e1s informaci\u00f3n sobre c\u00f3mo hacerlo en algunos de los principales navegadores utilizados actualmente a trav\u00e9s de los siguientes enlaces: <\/li>\r\n \t<li><strong>Internet Explorer<\/strong>: <a href=\"https:\/\/support.microsoft.com\/pt-br\/help\/17442\/windows-internet-explorer-delete-manage-cookies\" target=\"_blank\" rel=\"noreferrer noopener\">https:\/\/support.microsoft.com\/es-es\/help\/17442\/windows-internet-explorer-delete-manage-cookies<\/a><\/li>\r\n \t<li><strong>Safari<\/strong>: <a href=\"https:\/\/support.apple.com\/pt-br\/guide\/safari\/sfri11471\/mac\" target=\"_blank\" rel=\"noreferrer noopener\">https:\/\/support.apple.com\/es-es\/guide\/safari\/sfri11471\/mac<\/a><\/li>\r\n \t<li><strong>Google Chrome<\/strong>: <a href=\"https:\/\/support.google.com\/chrome\/answer\/95647?hl=pt-BR&amp;hlrm=pt\" target=\"_blank\" rel=\"noreferrer noopener\">https:\/\/support.google.com\/chrome\/answer\/95647?hl=es&amp;hlrm=es<\/a><\/li>\r\n \t<li><strong>Mozilla<\/strong> <strong>Firefox<\/strong>: <a href=\"https:\/\/support.mozilla.org\/pt-BR\/kb\/ative-e-desative-os-cookies-que-os-sites-usam\" target=\"_blank\" rel=\"noreferrer noopener\">https:\/\/support.mozilla.org\/es\/kb\/habilitar-y-deshabilitar-cookies-sitios-web-rastrear-preferencias<\/a><\/li>\r\n \t<li><strong>Opera<\/strong>: <a href=\"https:\/\/www.opera.com\/help\/tutorials\/security\/privacy\/\" target=\"_blank\" rel=\"noreferrer noopener\">https:\/\/www.opera.com\/help\/tutorials\/security\/privacy\/<\/a><\/li>\r\n<\/ul>\r\nAl desactivar las cookies, el usuario podr\u00eda afectar a la disponibilidad de algunas herramientas y funcionalidades del sitio web, comprometiendo su funcionamiento. Esto tambi\u00e9n podr\u00eda eliminar las preferencias del usuario que eventualmente se hayan guardado, perjudicando su experiencia. \r\n\r\n<strong>Recopilaci\u00f3n de datos no previstos expresamente<\/strong>: se podr\u00e1n recopilar otros tipos de datos no previstos expresamente en esta Pol\u00edtica de privacidad, siempre que se faciliten con el consentimiento expreso del usuario, o que la recopilaci\u00f3n est\u00e9 permitida con fundamento en otra base prevista por la ley. En cualquier caso, la recopilaci\u00f3n de datos y sus actividades de tratamiento ser\u00e1n informadas a los usuarios del sitio web. \r\n\r\n<strong>Intercambio de datos personales con terceros<\/strong> \u2013 compartimos algunos de los datos personales mencionados en esta pol\u00edtica con terceros. Los datos compartidos son: \r\n<ul>\r\n \t<li>Nombre<\/li>\r\n \t<li>Correo electr\u00f3nico<\/li>\r\n \t<li>N\u00famero de colegiado (CRM)<\/li>\r\n \t<li>Ocupaci\u00f3n<\/li>\r\n \t<li>Especialidad m\u00e9dica<\/li>\r\n \t<li>Estado de residencia<\/li>\r\n<\/ul>\r\nEstos datos se comparten por las siguientes razones y para las siguientes finalidades:\r\n<ul>\r\n \t<li>Con colaboradores: medir el progreso de los participantes en programas educativos<\/li>\r\n \t<li>Con proveedores de servicios, contratistas y representantes: Compartimos los datos del usuario con empresas externas que prestan servicios a nuestra empresa, como procesamiento de pagos, prevenci\u00f3n de fraude, an\u00e1lisis de datos, servicios de marketing y publicidad, servicios de correo electr\u00f3nico, alojamiento y atenci\u00f3n\/soporte al cliente. Estos proveedores de servicios pueden acceder a los datos personales del usuario y est\u00e1n obligados a utilizarlos \u00fanicamente seg\u00fan las instrucciones de MD Health para proporcionar el servicio solicitado. <\/li>\r\n<\/ul>\r\nAdem\u00e1s de las situaciones anteriores, podemos compartir datos con terceros para las finalidades descritas en esta pol\u00edtica, as\u00ed como para cumplir con una determinaci\u00f3n legal o regulatoria, o para cumplir con alguna orden expedida por una autoridad p\u00fablica. En cualquier caso, el intercambio de datos personales observar\u00e1 todas las leyes y normas aplicables, buscando siempre garantizar la seguridad de los datos de nuestros usuarios, respetando los est\u00e1ndares t\u00e9cnicos empleados en el mercado. \r\n\r\n<strong>Tiempo de almacenamiento de los datos personales. <\/strong>Los datos personales se almacenan y utilizan durante el periodo de tiempo necesario para alcanzar las finalidades enumeradas en esta pol\u00edtica y que considere los derechos de sus titulares, los derechos del responsable del sitio web y las disposiciones legales o regulatorias aplicables. Una vez expirados los periodos de almacenamiento de los datos personales, estos se eliminan de nuestras bases de datos o se anonimizan, salvo en los casos en que exista la posibilidad o la necesidad de almacenamiento en virtud de una disposici\u00f3n legal o regulatoria. \r\n\r\n<strong>Bases legales para el tratamiento de datos personales:<\/strong> tratamos los datos personales de nuestros usuarios en los siguientes supuestos:\r\n<ul>\r\n \t<li>mediante el <strong>consentimiento<\/strong> del titular de los datos personales<\/li>\r\n \t<li>para el <strong>cumplimiento de una obligaci\u00f3n legal o regulatoria<\/strong> por parte del responsable<\/li>\r\n \t<li>cuando sea necesario para satisfacer <strong>los intereses leg\u00edtimos del responsable o de un tercero<\/strong><\/li>\r\n<\/ul>\r\na. Consentimiento \r\n\r\nDeterminadas operaciones de tratamiento de datos personales realizadas en nuestro sitio web depender\u00e1n de la previa conformidad del usuario, quien deber\u00e1 manifestarla de forma libre, informada e inequ\u00edvoca.\r\n\r\nEl usuario podr\u00e1 revocar su consentimiento en cualquier momento; en caso de que no exista un supuesto legal que permita o exija el almacenamiento de los datos, los datos facilitados mediante consentimiento ser\u00e1n eliminados.\r\n\r\nAdem\u00e1s, si lo desea, el usuario podr\u00e1 no estar de acuerdo con alguna operaci\u00f3n de tratamiento de datos personales basada en el consentimiento. En estos casos, sin embargo, es posible que no pueda utilizar alguna funcionalidad del sitio web que dependa de dicha operaci\u00f3n. Las consecuencias de la falta de consentimiento para una actividad espec\u00edfica se informan previamente al tratamiento.  \r\n\r\nb. Cumplimiento de una obligaci\u00f3n legal o regulatoria por parte del responsable \r\n\r\nAlgunas operaciones de tratamiento de datos personales, sobre todo el almacenamiento de datos, se realizar\u00e1n para que podamos cumplir con las obligaciones previstas en la ley o en otras disposiciones normativas aplicables a nuestras actividades.\r\n\r\nc. Inter\u00e9s leg\u00edtimo \r\n\r\nPara determinadas operaciones de tratamiento de datos personales, nos basamos exclusivamente en nuestro inter\u00e9s leg\u00edtimo. Para saber m\u00e1s sobre en qu\u00e9 casos, espec\u00edficamente, nos valemos de esta base legal, o para obtener m\u00e1s informaci\u00f3n sobre las pruebas que realizamos para asegurarnos de que podemos utilizarla, p\u00f3ngase en contacto con nuestro Delegado de Protecci\u00f3n de Datos Personales a trav\u00e9s de alguno de los canales informados en esta Pol\u00edtica de privacidad, en la secci\u00f3n \u201cC\u00f3mo ponerse en contacto con nosotros\u201d. \r\n<ol start=\"3\">\r\n \t<li><strong>Derechos del usuario<\/strong><\/li>\r\n<\/ol>\r\nEl usuario del sitio web posee los siguientes derechos, conferidos por la Ley de Protecci\u00f3n de Datos Personales:\r\n<ul>\r\n \t<li>confirmaci\u00f3n de la existencia de tratamiento;<\/li>\r\n \t<li>acceso a los datos;<\/li>\r\n \t<li>correcci\u00f3n de datos incompletos, inexactos o desactualizados;<\/li>\r\n \t<li>anonimizaci\u00f3n, bloqueo o eliminaci\u00f3n de datos innecesarios, excesivos o tratados en disconformidad con lo dispuesto en la ley;<\/li>\r\n \t<li>portabilidad de los datos a otro proveedor de servicio o producto, mediante solicitud expresa, de acuerdo con la regulaci\u00f3n de la autoridad nacional, respetando los secretos comerciales e industriales;<\/li>\r\n \t<li>eliminaci\u00f3n de los datos personales tratados con el consentimiento del titular, excepto en los casos previstos por la ley;<\/li>\r\n \t<li>informaci\u00f3n de las entidades p\u00fablicas y privadas con las que el responsable ha realizado un uso compartido de datos;<\/li>\r\n \t<li>informaci\u00f3n sobre la posibilidad de no facilitar el consentimiento y sobre las consecuencias de la negativa;<\/li>\r\n \t<li>revocaci\u00f3n del consentimiento, en los casos en que el tratamiento de sus datos personales se realice con base en el consentimiento. En este supuesto, los datos personales podr\u00e1n seguir siendo tratados con base en otros supuestos legales. <\/li>\r\n<\/ul>\r\nEs importante destacar que, en los t\u00e9rminos de la ley, no existe un derecho de eliminaci\u00f3n de datos tratados con fundamento en bases legales distintas al consentimiento, a menos que los datos sean innecesarios, excesivos o tratados en disconformidad con lo previsto en la ley.\r\n\r\nCabe recordar que el ejercicio de cualquiera de estos derechos no implicar\u00e1 la ilegalidad de cualquier tratamiento de datos realizado con anterioridad a esta opci\u00f3n.\r\n\r\n<strong>C\u00f3mo puede el titular ejercer sus derechos<\/strong>\r\n\r\nPara garantizar que el usuario que pretende ejercer sus derechos es, de hecho, el titular de los datos personales objeto de la solicitud, podremos solicitar documentos u otra informaci\u00f3n que pueda ayudar en su correcta identificaci\u00f3n, con el fin de salvaguardar nuestros derechos y los derechos de terceros. Esto solo se har\u00e1, no obstante, si es absolutamente necesario, y el solicitante recibir\u00e1 toda la informaci\u00f3n relacionada. \r\n\r\n<strong>Medidas de seguridad en el tratamiento de datos personales<\/strong>\r\n\r\nEmpleamos medidas t\u00e9cnicas y organizativas aptas para proteger los datos personales de accesos no autorizados y de situaciones de destrucci\u00f3n, p\u00e9rdida, extrav\u00edo o alteraci\u00f3n de dichos datos.\r\n\r\nLas medidas que utilizamos tienen en cuenta la naturaleza de los datos, el contexto y la finalidad del tratamiento, los riesgos que una eventual violaci\u00f3n generar\u00eda para los derechos y libertades del usuario, y los est\u00e1ndares actualmente empleados en el mercado por empresas similares a la nuestra.\r\n\r\nEntre las medidas de seguridad adoptadas por nosotros, destacamos las siguientes:\r\n<ul>\r\n \t<li>los datos de nuestros usuarios se almacenan en un entorno seguro;<\/li>\r\n \t<li>limitamos el acceso a los datos de nuestros usuarios, de modo que terceros no autorizados no puedan acceder a ellos;<\/li>\r\n \t<li>utilizamos certificado SSL (Secure Socket Layer), de modo que la transmisi\u00f3n de datos entre los dispositivos de los usuarios y nuestros servidores se realice de forma cifrada;<\/li>\r\n \t<li>mantenemos registros de todos aquellos que tienen, de alguna forma, contacto con nuestros datos;<\/li>\r\n \t<li>pol\u00edtica interna de privacidad de datos<\/li>\r\n<\/ul>\r\nAunque se adopte todo lo que est\u00e1 a nuestro alcance para evitar incidentes de seguridad, es posible que ocurra alg\u00fan problema motivado exclusivamente por un tercero, como en caso de ataques de hackers o, incluso, en caso de culpa exclusiva del usuario, que ocurre, por ejemplo, cuando \u00e9l mismo transfiere sus datos a un tercero. As\u00ed, aunque seamos, en general, responsables de los datos personales que tratamos, nos eximimos de responsabilidad en caso de que ocurra una situaci\u00f3n excepcional como estas, sobre las cuales no tenemos ning\u00fan tipo de control. \r\n\r\nEn cualquier caso, si ocurriera cualquier tipo de incidente de seguridad que pudiera generar un riesgo o da\u00f1o relevante para cualquiera de nuestros usuarios, comunicaremos lo ocurrido a los afectados y a la Autoridad Nacional de Protecci\u00f3n de Datos, de conformidad con lo dispuesto en la Ley General de Protecci\u00f3n de Datos.\r\n\r\n<strong>Reclamaci\u00f3n ante una autoridad de control<\/strong>\r\n\r\nSin perjuicio de cualquier otra v\u00eda de recurso administrativo o judicial, los titulares de datos personales que se sientan, de cualquier forma, perjudicados, pueden presentar una reclamaci\u00f3n ante la Autoridad Nacional de Protecci\u00f3n de Datos.\r\n\r\n<strong>Cambios en esta pol\u00edtica<\/strong>\r\n\r\nLa presente versi\u00f3n de esta Pol\u00edtica de privacidad se actualiz\u00f3 por \u00faltima vez el: 27\/10\/2020.\r\n\r\nNos reservamos el derecho de modificar, en cualquier momento, las presentes normas, especialmente para adaptarlas a los eventuales cambios realizados en nuestro sitio web, ya sea por la disponibilidad de nuevas funcionalidades o por la modificaci\u00f3n de las ya existentes.\r\n\r\nSiempre que haya una modificaci\u00f3n, nuestros usuarios ser\u00e1n notificados acerca del cambio.\r\n<ol start=\"4\">\r\n \t<li><strong>C\u00f3mo ponerse en contacto con nosotros<\/strong><\/li>\r\n<\/ol>\r\nPara aclarar cualquier duda sobre esta Pol\u00edtica de privacidad o sobre los datos personales que tratamos, p\u00f3ngase en contacto con el Responsable del Departamento de Protecci\u00f3n de Datos Personales a trav\u00e9s de alguno de los canales mencionados a continuaci\u00f3n:\r\n<ul>\r\n \t<li>Correo electr\u00f3nico: <a href=\"mailto:tecnologia@tribemd.com\">tecnologia@tribemd.com<\/a><\/li>\r\n<\/ul>\t\t\t\t\t\t\t\t<\/div>\n\t\t\t\t\t<\/div>\n\t\t\t\t<\/div>\n\t\t\t\t<\/div>\n\t\t","protected":false},"excerpt":{"rendered":"<p>Pol\u00edtica de privacidad Recopilamos y utilizamos algunos datos personales de los usuarios de nuestro sitio web. Al hacerlo, actuamos en calidad de responsable del tratamiento de dichos datos y estamos sujetos a las disposiciones de la Ley Federal n.\u00ba 13.709\/2018 (Ley General de Protecci\u00f3n de Datos Personales \u2013 LGPD). Velamos por la protecci\u00f3n de sus [&hellip;]<\/p>\n","protected":false},"author":2,"featured_media":0,"parent":0,"menu_order":0,"comment_status":"closed","ping_status":"closed","template":"","meta":{"_acf_changed":false,"footnotes":""},"class_list":["post-1605","page","type-page","status-publish","hentry"],"acf":[],"_links":{"self":[{"href":"https:\/\/care.tribemd.com\/es\/wp-json\/wp\/v2\/pages\/1605","targetHints":{"allow":["GET"]}}],"collection":[{"href":"https:\/\/care.tribemd.com\/es\/wp-json\/wp\/v2\/pages"}],"about":[{"href":"https:\/\/care.tribemd.com\/es\/wp-json\/wp\/v2\/types\/page"}],"author":[{"embeddable":true,"href":"https:\/\/care.tribemd.com\/es\/wp-json\/wp\/v2\/users\/2"}],"replies":[{"embeddable":true,"href":"https:\/\/care.tribemd.com\/es\/wp-json\/wp\/v2\/comments?post=1605"}],"version-history":[{"count":2,"href":"https:\/\/care.tribemd.com\/es\/wp-json\/wp\/v2\/pages\/1605\/revisions"}],"predecessor-version":[{"id":1622,"href":"https:\/\/care.tribemd.com\/es\/wp-json\/wp\/v2\/pages\/1605\/revisions\/1622"}],"wp:attachment":[{"href":"https:\/\/care.tribemd.com\/es\/wp-json\/wp\/v2\/media?parent=1605"}],"curies":[{"name":"wp","href":"https:\/\/api.w.org\/{rel}","templated":true}]}}