{"id":1604,"date":"2026-04-15T11:38:32","date_gmt":"2026-04-15T14:38:32","guid":{"rendered":"https:\/\/care.tribemd.com\/politica-de-cookies\/"},"modified":"2026-04-15T11:48:50","modified_gmt":"2026-04-15T14:48:50","slug":"politica-de-cookies","status":"publish","type":"page","link":"https:\/\/care.tribemd.com\/es\/politica-de-cookies\/","title":{"rendered":"Pol\u00edtica de cookies"},"content":{"rendered":"\t\t<div data-elementor-type=\"wp-page\" data-elementor-id=\"1604\" class=\"elementor elementor-1604 elementor-1599\" data-elementor-post-type=\"page\">\n\t\t\t\t<div class=\"elementor-element elementor-element-6c09964f e-flex e-con-boxed e-con e-parent\" data-id=\"6c09964f\" data-element_type=\"container\" data-e-type=\"container\">\n\t\t\t\t\t<div class=\"e-con-inner\">\n\t\t<div class=\"elementor-element elementor-element-e8ebde2 e-con-full e-flex e-con e-child\" data-id=\"e8ebde2\" data-element_type=\"container\" data-e-type=\"container\" data-settings=\"{&quot;background_background&quot;:&quot;classic&quot;}\">\n\t\t\t\t<div class=\"elementor-element elementor-element-2ba2993 elementor-widget elementor-widget-heading\" data-id=\"2ba2993\" data-element_type=\"widget\" data-e-type=\"widget\" data-widget_type=\"heading.default\">\n\t\t\t\t\t<h2 class=\"elementor-heading-title elementor-size-default\">Pol\u00edtica de cookies<\/h2>\t\t\t\t<\/div>\n\t\t\t\t<\/div>\n\t\t\t\t<div class=\"elementor-element elementor-element-5c0e3061 elementor-widget elementor-widget-text-editor\" data-id=\"5c0e3061\" data-element_type=\"widget\" data-e-type=\"widget\" data-widget_type=\"text-editor.default\">\n\t\t\t\t\t\t\t\t\t<ol><li><h2>Introducci\u00f3n<\/h2><p>TribeMD, una healthtech l\u00edder en Am\u00e9rica Latina, utiliza cookies en su plataforma para mejorar la experiencia de sus usuarios y ofrecer servicios personalizados y eficientes. Esta Pol\u00edtica de cookies explica c\u00f3mo utilizamos las cookies y c\u00f3mo puede gestionar sus preferencias. <\/p><\/li><li><h2>\u00bfQu\u00e9 son las cookies?<\/h2><p>Las cookies son peque\u00f1os archivos de texto almacenados en su dispositivo (ordenador, tableta, smartphone) que registran informaci\u00f3n relacionada con su navegaci\u00f3n en la plataforma. Ayudan a mejorar su experiencia, permitiendo que la plataforma reconozca su dispositivo en visitas posteriores. <\/p><\/li><li><h2>\u00bfC\u00f3mo utilizamos las cookies?<\/h2><p>Utilizamos cookies propias y de terceros para diversas finalidades, entre ellas:<\/p><ul><li>Mejorar el rendimiento de la plataforma;<\/li><li>Ofrecer funcionalidades de redes sociales;<\/li><li>Analizar nuestro tr\u00e1fico con herramientas de anal\u00edtica;<\/li><li>Personalizar el contenido y los anuncios que ve.<\/li><\/ul><p>Tenga en cuenta que plataformas de terceros (como Google, Facebook y LinkedIn) tambi\u00e9n pueden utilizar cookies para personalizar anuncios. No somos responsables de la recopilaci\u00f3n de cookies por parte de dichos terceros. <\/p><\/li><li><h2>Gesti\u00f3n de cookies<\/h2><p>Puede configurar su navegador para aceptar todas las cookies, rechazar todas las cookies o notificarle cuando se env\u00eda una cookie. Al desactivar las cookies, algunas funcionalidades de nuestra plataforma pueden no funcionar correctamente. Para m\u00e1s informaci\u00f3n sobre c\u00f3mo configurar sus preferencias de cookies en los navegadores m\u00e1s comunes, visite:  <\/p><ul><li><a href=\"https:\/\/support.google.com\/chrome\/answer\/95647?hl=pt-BR&amp;hlrm=pt\" target=\"_blank\" rel=\"noreferrer noopener\">Google Chrome<\/a><\/li><li><a href=\"https:\/\/support.mozilla.org\/pt-BR\/kb\/impeca-que-sites-armazenem-cookies-e-dados-no-fire\" target=\"_blank\" rel=\"noreferrer noopener\">Mozilla Firefox<\/a><\/li><li><a href=\"https:\/\/support.microsoft.com\/pt-br\/topic\/excluir-cookies-no-microsoft-edge-a7d95376-f2cd-8e4a-25dc-1de753474879\" target=\"_blank\" rel=\"noreferrer noopener\">Microsoft Edge<\/a><\/li><li><a href=\"https:\/\/support.apple.com\/pt-br\/guide\/deployment\/depf7d5714d4\/web\" target=\"_blank\" rel=\"noreferrer noopener\">Safari<\/a><\/li><\/ul><\/li><li><h2>Cookies que utilizamos<\/h2><p>A continuaci\u00f3n, presentamos una lista de los tipos de cookies que utilizamos en nuestra plataforma:<\/p><ul><li>Necesarias: esenciales para la navegaci\u00f3n y el buen funcionamiento de la plataforma.<\/li><li>Rendimiento: ayudan a entender c\u00f3mo interact\u00faan los visitantes con la plataforma, recopilando y comunicando informaci\u00f3n de forma an\u00f3nima.<\/li><li>Funcionalidad: permiten que la plataforma recuerde las elecciones que ha realizado y ofrezca funcionalidades mejoradas y m\u00e1s personalizadas.<\/li><li>Publicidad: se utilizan para ofrecerle anuncios m\u00e1s relevantes y medir la eficacia de las campa\u00f1as publicitarias.<\/li><\/ul><\/li><li><h2>Compartici\u00f3n de datos<\/h2><p>No vendemos datos personales de nuestros usuarios. Compartimos informaci\u00f3n con socios que nos ayudan a prestar nuestros servicios, seg\u00fan sea necesario y de conformidad con nuestra Pol\u00edtica de privacidad. <\/p><\/li><li><h2>Cambios en la Pol\u00edtica de cookies<\/h2><p>Podemos actualizar esta Pol\u00edtica de cookies peri\u00f3dicamente para reflejar, por ejemplo, cambios en las cookies que utilizamos o por otras razones operativas, legales o reglamentarias. Por favor, visite esta Pol\u00edtica con regularidad para mantenerse informado sobre nuestro uso de cookies. <\/p><\/li><li><h2>M\u00e1s informaci\u00f3n<\/h2><p>Si tiene alguna duda sobre el uso de cookies en TribeMD, p\u00f3ngase en contacto con nosotros por correo electr\u00f3nico: <a href=\"mailto:contato@tribemd.com\">contato@tribemd.com<\/a><\/p><\/li><li><h2>Jurisdicci\u00f3n<\/h2><p>Esta Pol\u00edtica se rige por las leyes de la Rep\u00fablica Federativa de Brasil. Cualquier disputa se resolver\u00e1 en el fuero de la comarca de S\u00e3o Paulo, SP. <\/p><\/li><\/ol>\t\t\t\t\t\t\t\t<\/div>\n\t\t\t\t\t<\/div>\n\t\t\t\t<\/div>\n\t\t\t\t<\/div>\n\t\t","protected":false},"excerpt":{"rendered":"<p>Pol\u00edtica de cookies Introducci\u00f3n TribeMD, una healthtech l\u00edder en Am\u00e9rica Latina, utiliza cookies en su plataforma para mejorar la experiencia de sus usuarios y ofrecer servicios personalizados y eficientes. Esta Pol\u00edtica de cookies explica c\u00f3mo utilizamos las cookies y c\u00f3mo puede gestionar sus preferencias. \u00bfQu\u00e9 son las cookies? Las cookies son peque\u00f1os archivos de texto [&hellip;]<\/p>\n","protected":false},"author":2,"featured_media":0,"parent":0,"menu_order":0,"comment_status":"closed","ping_status":"closed","template":"","meta":{"_acf_changed":false,"footnotes":""},"class_list":["post-1604","page","type-page","status-publish","hentry"],"acf":[],"_links":{"self":[{"href":"https:\/\/care.tribemd.com\/es\/wp-json\/wp\/v2\/pages\/1604","targetHints":{"allow":["GET"]}}],"collection":[{"href":"https:\/\/care.tribemd.com\/es\/wp-json\/wp\/v2\/pages"}],"about":[{"href":"https:\/\/care.tribemd.com\/es\/wp-json\/wp\/v2\/types\/page"}],"author":[{"embeddable":true,"href":"https:\/\/care.tribemd.com\/es\/wp-json\/wp\/v2\/users\/2"}],"replies":[{"embeddable":true,"href":"https:\/\/care.tribemd.com\/es\/wp-json\/wp\/v2\/comments?post=1604"}],"version-history":[{"count":2,"href":"https:\/\/care.tribemd.com\/es\/wp-json\/wp\/v2\/pages\/1604\/revisions"}],"predecessor-version":[{"id":1616,"href":"https:\/\/care.tribemd.com\/es\/wp-json\/wp\/v2\/pages\/1604\/revisions\/1616"}],"wp:attachment":[{"href":"https:\/\/care.tribemd.com\/es\/wp-json\/wp\/v2\/media?parent=1604"}],"curies":[{"name":"wp","href":"https:\/\/api.w.org\/{rel}","templated":true}]}}