{"id":1038,"date":"2026-01-18T22:22:46","date_gmt":"2026-01-19T01:22:46","guid":{"rendered":"https:\/\/care.tribemd.com\/pagina-de-registro-del-estudiante\/"},"modified":"2026-03-15T18:20:51","modified_gmt":"2026-03-15T21:20:51","slug":"pagina-de-registro-del-estudiante","status":"publish","type":"page","link":"https:\/\/care.tribemd.com\/es\/pagina-de-registro-del-estudiante\/","title":{"rendered":"P\u00e1gina de registro del estudiante"},"content":{"rendered":"\t\t<div data-elementor-type=\"wp-page\" data-elementor-id=\"1038\" class=\"elementor elementor-1038 elementor-763\" data-elementor-post-type=\"page\">\n\t\t\t\t<div class=\"elementor-element elementor-element-2967793 e-flex e-con-boxed e-con e-parent\" data-id=\"2967793\" data-element_type=\"container\" data-e-type=\"container\" data-settings=\"{&quot;background_background&quot;:&quot;classic&quot;}\">\n\t\t\t\t\t<div class=\"e-con-inner\">\n\t\t\t\t<div class=\"elementor-element elementor-element-67ec1b4 elementor-widget elementor-widget-shortcode\" data-id=\"67ec1b4\" data-element_type=\"widget\" data-e-type=\"widget\" data-widget_type=\"shortcode.default\">\n\t\t\t\t\t\t\t<div class=\"elementor-shortcode\">\n\n\t<div id=\"tutor-registration-wrap\">\n\n\t\t\n\t\t<form method=\"post\" enctype=\"multipart\/form-data\" id=\"tutor-registration-form\">\n\t\t\t<input type=\"hidden\" name=\"tutor_course_enroll_attempt\" value=\"\">\n\t\t\t\n\t\t\t<input type=\"hidden\" id=\"_tutor_nonce\" name=\"_tutor_nonce\" value=\"141dbd19da\" \/><input type=\"hidden\" name=\"_wp_http_referer\" value=\"\/es\/wp-json\/wp\/v2\/pages\/1038\" \/>\t\t\t<input type=\"hidden\" value=\"tutor_register_student\" name=\"tutor_action\"\/>\n\n\t\t\t\n\t\t\t<div class=\"tutor-form-row\">\n\t\t\t\t<div class=\"tutor-form-col-6\">\n\t\t\t\t\t<div class=\"tutor-form-group\">\n\t\t\t\t\t\t<label>\n\t\t\t\t\t\t\tNombre\t\t\t\t\t\t<\/label>\n\n\t\t\t\t\t\t<input type=\"text\" name=\"first_name\" value=\"\" placeholder=\"Nombre\" required autocomplete=\"given-name\">\n\t\t\t\t\t<\/div>\n\t\t\t\t<\/div>\n\n\t\t\t\t<div class=\"tutor-form-col-6\">\n\t\t\t\t\t<div class=\"tutor-form-group\">\n\t\t\t\t\t\t<label>\n\t\t\t\t\t\t\tApellidos\t\t\t\t\t\t<\/label>\n\n\t\t\t\t\t\t<input type=\"text\" name=\"last_name\" value=\"\" placeholder=\"Apellidos\" required autocomplete=\"family-name\">\n\t\t\t\t\t<\/div>\n\t\t\t\t<\/div>\n\n\t\t\t<\/div>\n\n\t\t\t<div class=\"tutor-form-row\">\n\t\t\t\t<div class=\"tutor-form-col-6\">\n\t\t\t\t\t<div class=\"tutor-form-group\">\n\t\t\t\t\t\t<label>\n\t\t\t\t\t\t\tNombre de usuario\t\t\t\t\t\t<\/label>\n\n\t\t\t\t\t\t<input type=\"text\" name=\"user_login\" class=\"tutor_user_name\" value=\"\" placeholder=\"Nombre de usuario\" required autocomplete=\"username\">\n\t\t\t\t\t<\/div>\n\t\t\t\t<\/div>\n\n\t\t\t\t<div class=\"tutor-form-col-6\">\n\t\t\t\t\t<div class=\"tutor-form-group\">\n\t\t\t\t\t\t<label>\n\t\t\t\t\t\t\tCorreo electr\u00f3nico\t\t\t\t\t\t<\/label>\n\n\t\t\t\t\t\t<input type=\"text\" name=\"email\" value=\"\" placeholder=\"Correo electr\u00f3nico\" required autocomplete=\"email\">\n\t\t\t\t\t<\/div>\n\t\t\t\t<\/div>\n\n\t\t\t<\/div>\n\n\t\t\t<div class=\"tutor-form-row\">\n\t\t\t\t<div class=\"tutor-form-col-6\">\n\t\t\t\t\t<div class=\"tutor-form-group\">\n\t\t\t\t\t\t<div class=\"tutor-password-strength-checker\">\n\t\t\t\t\t\t\t<div class=\"tutor-password-field\">\n\t\t\t\t\t\t\t\t<label>\n\t\t\t\t\t\t\t\t\tContrase\u00f1a\t\t\t\t\t\t\t\t<\/label>\n\n\t\t\t\t\t\t\t\t<input class=\"password-checker\" id=\"tutor-new-password\" type=\"password\" name=\"password\" value=\"\" placeholder=\"Contrase\u00f1a\" required autocomplete=\"new-password\" style=\"margin-bottom: 0;\">\n\t\t\t\t\t\t\t\t<span class=\"show-hide-btn\"><\/span>\n\t\t\t\t\t\t\t<\/div>\n\n\t\t\t\t\t\t\t<div class=\"tutor-password-strength-hint\">\n\t\t\t\t\t\t\t\t<div class=\"indicator\">\n\t\t\t\t\t\t\t\t\t<span class=\"weak\"><\/span>\n\t\t\t\t\t\t\t\t\t<span class=\"medium\"><\/span>\n\t\t\t\t\t\t\t\t\t<span class=\"strong\"><\/span>\n\t\t\t\t\t\t\t\t<\/div>\n\t\t\t\t\t\t\t\t<div class=\"text tutor-fs-7 tutor-color-muted\"><\/div>\n\t\t\t\t\t\t\t<\/div>\n\t\t\t\t\t\t<\/div>\n\t\t\t\t\t<\/div>\n\t\t\t\t<\/div>\n\n\t\t\t\t<div class=\"tutor-form-col-6\">\n\t\t\t\t\t<div class=\"tutor-form-group\">\n\t\t\t\t\t\t<label>\n\t\t\t\t\t\t\tConfirmaci\u00f3n de contrase\u00f1a\t\t\t\t\t\t<\/label>\n\n\t\t\t\t\t\t<div class=\"tutor-form-wrap\">\n\t\t\t\t\t\t\t<span class=\"tutor-validation-icon tutor-icon-mark tutor-color-success tutor-form-icon tutor-form-icon-reverse\" style=\"display: none;\"><\/span>\n\t\t\t\t\t\t\t<input type=\"password\" name=\"password_confirmation\" value=\"\" placeholder=\"Confirmaci\u00f3n de contrase\u00f1a\" required autocomplete=\"new-password\" style=\"margin-bottom: 0;\">\n\t\t\t\t\t\t<\/div>\n\t\t\t\t\t<\/div>\n\t\t\t\t<\/div>\n\t\t\t<\/div>\n\n\n\t\t\t<div class=\"tutor-form-row\">\n\t\t\t\t<div class=\"tutor-form-col-12\">\n\t\t\t\t\t<div class=\"tutor-form-group\">\n\t\t\t\t\t\t\t\t\t\t<\/div>\n\t\t\t\t<\/div>\n\t\t\t<\/div>    \n\n\t\t\t\t\t\t<div class=\"tutor-form-row care-latam-tutorlms-extra-fields\">\n\t\t\t\t<div class=\"tutor-form-col-6\">\n\t\t\t\t\t<div class=\"tutor-form-group\">\n\t\t\t\t\t\t<label for=\"care_latam_country\">\n\t\t\t\t\t\t\tPa\u00eds\t\t\t\t\t\t<\/label>\n\t\t\t\t\t\t<select id=\"care_latam_country\" name=\"care_latam_country\" class=\"tutor-form-control\" required>\n\t\t\t\t\t\t\t\t\t\t\t\t\t\t\t<option value=\"\"  selected='selected'>\n\t\t\t\t\t\t\t\t\tSelecciona un pa\u00eds\t\t\t\t\t\t\t\t<\/option>\n\t\t\t\t\t\t\t\t\t\t\t\t\t\t\t<option value=\"mx\" >\n\t\t\t\t\t\t\t\t\tM\u00e9xico\t\t\t\t\t\t\t\t<\/option>\n\t\t\t\t\t\t\t\t\t\t\t\t\t\t\t<option value=\"br\" >\n\t\t\t\t\t\t\t\t\tBrasil\t\t\t\t\t\t\t\t<\/option>\n\t\t\t\t\t\t\t\t\t\t\t\t\t\t\t<option value=\"co\" >\n\t\t\t\t\t\t\t\t\tColombia\t\t\t\t\t\t\t\t<\/option>\n\t\t\t\t\t\t\t\t\t\t\t\t\t\t\t<option value=\"ec\" >\n\t\t\t\t\t\t\t\t\tEcuador\t\t\t\t\t\t\t\t<\/option>\n\t\t\t\t\t\t\t\t\t\t\t\t\t\t\t<option value=\"ar\" >\n\t\t\t\t\t\t\t\t\tArgentina\t\t\t\t\t\t\t\t<\/option>\n\t\t\t\t\t\t\t\t\t\t\t\t\t\t\t<option value=\"bo\" >\n\t\t\t\t\t\t\t\t\tBolivia\t\t\t\t\t\t\t\t<\/option>\n\t\t\t\t\t\t\t\t\t\t\t\t\t\t\t<option value=\"cl\" >\n\t\t\t\t\t\t\t\t\tChile\t\t\t\t\t\t\t\t<\/option>\n\t\t\t\t\t\t\t\t\t\t\t\t\t\t\t<option value=\"cr\" >\n\t\t\t\t\t\t\t\t\tCosta Rica\t\t\t\t\t\t\t\t<\/option>\n\t\t\t\t\t\t\t\t\t\t\t\t\t\t\t<option value=\"cu\" >\n\t\t\t\t\t\t\t\t\tCuba\t\t\t\t\t\t\t\t<\/option>\n\t\t\t\t\t\t\t\t\t\t\t\t\t\t\t<option value=\"do\" >\n\t\t\t\t\t\t\t\t\tRep\u00fablica Dominicana\t\t\t\t\t\t\t\t<\/option>\n\t\t\t\t\t\t\t\t\t\t\t\t\t\t\t<option value=\"sv\" >\n\t\t\t\t\t\t\t\t\tEl Salvador\t\t\t\t\t\t\t\t<\/option>\n\t\t\t\t\t\t\t\t\t\t\t\t\t\t\t<option value=\"gt\" >\n\t\t\t\t\t\t\t\t\tGuatemala\t\t\t\t\t\t\t\t<\/option>\n\t\t\t\t\t\t\t\t\t\t\t\t\t\t\t<option value=\"hn\" >\n\t\t\t\t\t\t\t\t\tHonduras\t\t\t\t\t\t\t\t<\/option>\n\t\t\t\t\t\t\t\t\t\t\t\t\t\t\t<option value=\"ni\" >\n\t\t\t\t\t\t\t\t\tNicaragua\t\t\t\t\t\t\t\t<\/option>\n\t\t\t\t\t\t\t\t\t\t\t\t\t\t\t<option value=\"pa\" >\n\t\t\t\t\t\t\t\t\tPanam\u00e1\t\t\t\t\t\t\t\t<\/option>\n\t\t\t\t\t\t\t\t\t\t\t\t\t\t\t<option value=\"py\" >\n\t\t\t\t\t\t\t\t\tParaguay\t\t\t\t\t\t\t\t<\/option>\n\t\t\t\t\t\t\t\t\t\t\t\t\t\t\t<option value=\"pe\" >\n\t\t\t\t\t\t\t\t\tPer\u00fa\t\t\t\t\t\t\t\t<\/option>\n\t\t\t\t\t\t\t\t\t\t\t\t\t\t\t<option value=\"uy\" >\n\t\t\t\t\t\t\t\t\tUruguay\t\t\t\t\t\t\t\t<\/option>\n\t\t\t\t\t\t\t\t\t\t\t\t\t\t\t<option value=\"ve\" >\n\t\t\t\t\t\t\t\t\tVenezuela\t\t\t\t\t\t\t\t<\/option>\n\t\t\t\t\t\t\t\t\t\t\t\t\t\t\t<option value=\"es\" >\n\t\t\t\t\t\t\t\t\tEspa\u00f1a\t\t\t\t\t\t\t\t<\/option>\n\t\t\t\t\t\t\t\t\t\t\t\t\t\t\t<option value=\"pt\" >\n\t\t\t\t\t\t\t\t\tPortugal\t\t\t\t\t\t\t\t<\/option>\n\t\t\t\t\t\t\t\t\t\t\t\t\t\t\t<option value=\"us\" >\n\t\t\t\t\t\t\t\t\tEstados Unidos\t\t\t\t\t\t\t\t<\/option>\n\t\t\t\t\t\t\t\t\t\t\t\t\t\t\t<option value=\"ca\" >\n\t\t\t\t\t\t\t\t\tCanad\u00e1\t\t\t\t\t\t\t\t<\/option>\n\t\t\t\t\t\t\t\t\t\t\t\t\t\t\t<option value=\"other\" >\n\t\t\t\t\t\t\t\t\tOtro pa\u00eds\t\t\t\t\t\t\t\t<\/option>\n\t\t\t\t\t\t\t\t\t\t\t\t\t<\/select>\n\t\t\t\t\t<\/div>\n\t\t\t\t<\/div>\n\n\t\t\t\t<div class=\"tutor-form-col-6 care-latam-identification-col care-latam-hidden\" data-required-countries=\"mx,br,co,ec\">\n\t\t\t\t\t<div class=\"tutor-form-group\">\n\t\t\t\t\t\t<label for=\"care_latam_identification\">\n\t\t\t\t\t\t\tN\u00famero de c\u00e9dula \/ identificaci\u00f3n\t\t\t\t\t\t<\/label>\n\t\t\t\t\t\t<input\n\t\t\t\t\t\t\tid=\"care_latam_identification\"\n\t\t\t\t\t\t\tclass=\"tutor-form-control\"\n\t\t\t\t\t\t\ttype=\"text\"\n\t\t\t\t\t\t\tname=\"care_latam_identification\"\n\t\t\t\t\t\t\tvalue=\"\"\n\t\t\t\t\t\t\tplaceholder=\"N\u00famero de c\u00e9dula \/ identificaci\u00f3n\"\n\t\t\t\t\t\t\t\t\t\t\t\t\t\/>\n\t\t\t\t\t<\/div>\n\t\t\t\t<\/div>\n\n\t\t\t\t<div class=\"tutor-form-col-12\">\n\t\t\t\t\t<div class=\"tutor-form-group\">\n\t\t\t\t\t\t<label for=\"care_latam_specialty\">\n\t\t\t\t\t\t\tEspecialidad\t\t\t\t\t\t<\/label>\n\t\t\t\t\t\t<select id=\"care_latam_specialty\" name=\"care_latam_specialty\" class=\"tutor-form-control\" required>\n\t\t\t\t\t\t\t\t\t\t\t\t\t\t\t<option value=\"\"  selected='selected'>\n\t\t\t\t\t\t\t\t\tSelecciona una especialidad\t\t\t\t\t\t\t\t<\/option>\n\t\t\t\t\t\t\t\t\t\t\t\t\t\t\t<option value=\"alergologia_inmunologia_clinica\" >\n\t\t\t\t\t\t\t\t\tAlergolog\u00eda e Inmunolog\u00eda Cl\u00ednica\t\t\t\t\t\t\t\t<\/option>\n\t\t\t\t\t\t\t\t\t\t\t\t\t\t\t<option value=\"anestesiologia\" >\n\t\t\t\t\t\t\t\t\tAnestesiolog\u00eda\t\t\t\t\t\t\t\t<\/option>\n\t\t\t\t\t\t\t\t\t\t\t\t\t\t\t<option value=\"cardiologia\" >\n\t\t\t\t\t\t\t\t\tCardiolog\u00eda\t\t\t\t\t\t\t\t<\/option>\n\t\t\t\t\t\t\t\t\t\t\t\t\t\t\t<option value=\"cirugia_general\" >\n\t\t\t\t\t\t\t\t\tCirug\u00eda General\t\t\t\t\t\t\t\t<\/option>\n\t\t\t\t\t\t\t\t\t\t\t\t\t\t\t<option value=\"dermatologia\" >\n\t\t\t\t\t\t\t\t\tDermatolog\u00eda\t\t\t\t\t\t\t\t<\/option>\n\t\t\t\t\t\t\t\t\t\t\t\t\t\t\t<option value=\"endocrinologia_diabetes\" >\n\t\t\t\t\t\t\t\t\tEndocrinolog\u00eda y Diabetes\t\t\t\t\t\t\t\t<\/option>\n\t\t\t\t\t\t\t\t\t\t\t\t\t\t\t<option value=\"enfermedades_infecciosas\" >\n\t\t\t\t\t\t\t\t\tEnfermedades Infecciosas\t\t\t\t\t\t\t\t<\/option>\n\t\t\t\t\t\t\t\t\t\t\t\t\t\t\t<option value=\"gastroenterologia\" >\n\t\t\t\t\t\t\t\t\tGastroenterolog\u00eda\t\t\t\t\t\t\t\t<\/option>\n\t\t\t\t\t\t\t\t\t\t\t\t\t\t\t<option value=\"geriatria\" >\n\t\t\t\t\t\t\t\t\tGeriatr\u00eda\t\t\t\t\t\t\t\t<\/option>\n\t\t\t\t\t\t\t\t\t\t\t\t\t\t\t<option value=\"ginecologia_obstetricia\" >\n\t\t\t\t\t\t\t\t\tGinecolog\u00eda y Obstetricia\t\t\t\t\t\t\t\t<\/option>\n\t\t\t\t\t\t\t\t\t\t\t\t\t\t\t<option value=\"hematologia\" >\n\t\t\t\t\t\t\t\t\tHematolog\u00eda\t\t\t\t\t\t\t\t<\/option>\n\t\t\t\t\t\t\t\t\t\t\t\t\t\t\t<option value=\"medicina_general_interna\" >\n\t\t\t\t\t\t\t\t\tMedicina General e Interna\t\t\t\t\t\t\t\t<\/option>\n\t\t\t\t\t\t\t\t\t\t\t\t\t\t\t<option value=\"medicina_intensiva\" >\n\t\t\t\t\t\t\t\t\tMedicina Intensiva\t\t\t\t\t\t\t\t<\/option>\n\t\t\t\t\t\t\t\t\t\t\t\t\t\t\t<option value=\"nefrologia\" >\n\t\t\t\t\t\t\t\t\tNefrolog\u00eda\t\t\t\t\t\t\t\t<\/option>\n\t\t\t\t\t\t\t\t\t\t\t\t\t\t\t<option value=\"neumonologia\" >\n\t\t\t\t\t\t\t\t\tNeumonolog\u00eda\t\t\t\t\t\t\t\t<\/option>\n\t\t\t\t\t\t\t\t\t\t\t\t\t\t\t<option value=\"neurologia\" >\n\t\t\t\t\t\t\t\t\tNeurolog\u00eda\t\t\t\t\t\t\t\t<\/option>\n\t\t\t\t\t\t\t\t\t\t\t\t\t\t\t<option value=\"nutricion\" >\n\t\t\t\t\t\t\t\t\tNutrici\u00f3n\t\t\t\t\t\t\t\t<\/option>\n\t\t\t\t\t\t\t\t\t\t\t\t\t\t\t<option value=\"psiquiatria\" >\n\t\t\t\t\t\t\t\t\tPsiquiatr\u00eda\t\t\t\t\t\t\t\t<\/option>\n\t\t\t\t\t\t\t\t\t\t\t\t\t\t\t<option value=\"reumatologia\" >\n\t\t\t\t\t\t\t\t\tReumatolog\u00eda\t\t\t\t\t\t\t\t<\/option>\n\t\t\t\t\t\t\t\t\t\t\t\t\t\t\t<option value=\"traumatologia\" >\n\t\t\t\t\t\t\t\t\tTraumatolog\u00eda\t\t\t\t\t\t\t\t<\/option>\n\t\t\t\t\t\t\t\t\t\t\t\t\t\t\t<option value=\"cirugia_ortopedica\" >\n\t\t\t\t\t\t\t\t\tCirug\u00eda Ortop\u00e9dica\t\t\t\t\t\t\t\t<\/option>\n\t\t\t\t\t\t\t\t\t\t\t\t\t\t\t<option value=\"cirurgiao_vascular_angiologista\" >\n\t\t\t\t\t\t\t\t\tCirujano Vascular y Angi\u00f3logo\t\t\t\t\t\t\t\t<\/option>\n\t\t\t\t\t\t\t\t\t\t\t\t\t\t\t<option value=\"urologia\" >\n\t\t\t\t\t\t\t\t\tUrolog\u00eda\t\t\t\t\t\t\t\t<\/option>\n\t\t\t\t\t\t\t\t\t\t\t\t\t<\/select>\n\t\t\t\t\t<\/div>\n\t\t\t\t<\/div>\n\n\t\t\t\t<div class=\"tutor-form-col-12\">\n\t\t\t\t\t<div class=\"tutor-form-group care-latam-consent-group\">\n\t\t\t\t\t\t<input type=\"hidden\" name=\"care_latam_privacy_cookies_accepted_present\" value=\"1\" \/>\n\t\t\t\t\t\t<label for=\"care_latam_privacy_cookies_accepted\" class=\"care-latam-consent-label\">\n\t\t\t\t\t\t\t<input\n\t\t\t\t\t\t\t\tid=\"care_latam_privacy_cookies_accepted\"\n\t\t\t\t\t\t\t\ttype=\"checkbox\"\n\t\t\t\t\t\t\t\tname=\"care_latam_privacy_cookies_accepted\"\n\t\t\t\t\t\t\t\tvalue=\"1\"\n\t\t\t\t\t\t\t\t\t\t\t\t\t\t\t\trequired\n\t\t\t\t\t\t\t\/>\n\t\t\t\t\t\t\t<span>Declaro estar de acuerdo con la <a href=\"https:\/\/care.tribemd.com\/es\/politica-de-privacidad\/\" target=\"_blank\" rel=\"noopener noreferrer\">Pol\u00edtica de Privacidad<\/a> y la <a href=\"https:\/\/care.tribemd.com\/es\/politica-de-cookies\/\" target=\"_blank\" rel=\"noopener noreferrer\">Pol\u00edtica de Cookies<\/a>.<\/span>\n\t\t\t\t\t\t<\/label>\n\t\t\t\t\t<\/div>\n\t\t\t\t<\/div>\n\t\t\t<\/div>\n\t\t\t\n\t\t\t\t\t\t\n\t\t\t<div>\n\t\t\t\t<button type=\"submit\" name=\"tutor_register_student_btn\" value=\"register\" class=\"tutor-btn tutor-btn-primary tutor-btn-block\">Reg\u00edstrate<\/button>\n\t\t\t<\/div>\n\t\t\t\t\t\t\n\t\t<\/form>\n\t\t\t\t\n\t<\/div>\n\t<\/div>\n\t\t\t\t\t\t<\/div>\n\t\t\t\t\t<\/div>\n\t\t\t\t<\/div>\n\t\t\t\t<\/div>\n\t\t","protected":false},"excerpt":{"rendered":"","protected":false},"author":2,"featured_media":0,"parent":0,"menu_order":0,"comment_status":"closed","ping_status":"closed","template":"","meta":{"_acf_changed":false,"footnotes":""},"class_list":["post-1038","page","type-page","status-publish","hentry"],"acf":[],"_links":{"self":[{"href":"https:\/\/care.tribemd.com\/es\/wp-json\/wp\/v2\/pages\/1038","targetHints":{"allow":["GET"]}}],"collection":[{"href":"https:\/\/care.tribemd.com\/es\/wp-json\/wp\/v2\/pages"}],"about":[{"href":"https:\/\/care.tribemd.com\/es\/wp-json\/wp\/v2\/types\/page"}],"author":[{"embeddable":true,"href":"https:\/\/care.tribemd.com\/es\/wp-json\/wp\/v2\/users\/2"}],"replies":[{"embeddable":true,"href":"https:\/\/care.tribemd.com\/es\/wp-json\/wp\/v2\/comments?post=1038"}],"version-history":[{"count":4,"href":"https:\/\/care.tribemd.com\/es\/wp-json\/wp\/v2\/pages\/1038\/revisions"}],"predecessor-version":[{"id":1045,"href":"https:\/\/care.tribemd.com\/es\/wp-json\/wp\/v2\/pages\/1038\/revisions\/1045"}],"wp:attachment":[{"href":"https:\/\/care.tribemd.com\/es\/wp-json\/wp\/v2\/media?parent=1038"}],"curies":[{"name":"wp","href":"https:\/\/api.w.org\/{rel}","templated":true}]}}